{"id":10,"date":"2023-11-29T07:10:11","date_gmt":"2023-11-29T07:10:11","guid":{"rendered":"https:\/\/langistas.lt\/?page_id=10"},"modified":"2024-10-22T12:13:37","modified_gmt":"2024-10-22T12:13:37","slug":"kainos","status":"publish","type":"page","link":"https:\/\/langistas.lt\/?page_id=10","title":{"rendered":"Kainos"},"content":{"rendered":"\t\t<div data-elementor-type=\"wp-page\" data-elementor-id=\"10\" class=\"elementor elementor-10\">\n\t\t\t\t\t\t\t<div class=\"elementor-element elementor-element-64c2fcd9 e-flex e-con-boxed e-con e-parent\" data-id=\"64c2fcd9\" data-element_type=\"container\" data-settings=\"{&quot;content_width&quot;:&quot;boxed&quot;}\" data-core-v316-plus=\"true\">\n\t\t\t\t\t<div class=\"e-con-inner\">\n\t\t\t\t<div class=\"elementor-element elementor-element-14dca2d elementor-widget elementor-widget-heading\" data-id=\"14dca2d\" data-element_type=\"widget\" data-widget_type=\"heading.default\">\n\t\t\t\t<div class=\"elementor-widget-container\">\n\t\t\t<style>\/*! elementor - v3.17.0 - 08-11-2023 *\/\n.elementor-heading-title{padding:0;margin:0;line-height:1}.elementor-widget-heading .elementor-heading-title[class*=elementor-size-]>a{color:inherit;font-size:inherit;line-height:inherit}.elementor-widget-heading .elementor-heading-title.elementor-size-small{font-size:15px}.elementor-widget-heading .elementor-heading-title.elementor-size-medium{font-size:19px}.elementor-widget-heading .elementor-heading-title.elementor-size-large{font-size:29px}.elementor-widget-heading .elementor-heading-title.elementor-size-xl{font-size:39px}.elementor-widget-heading .elementor-heading-title.elementor-size-xxl{font-size:59px}<\/style><h2 class=\"elementor-heading-title elementor-size-default\">Kainos<\/h2>\t\t<\/div>\n\t\t\t\t<\/div>\n\t\t\t\t<div class=\"elementor-element elementor-element-4098c18f elementor-widget elementor-widget-text-editor\" data-id=\"4098c18f\" data-element_type=\"widget\" data-widget_type=\"text-editor.default\">\n\t\t\t\t<div class=\"elementor-widget-container\">\n\t\t\t<style>\/*! elementor - v3.17.0 - 08-11-2023 *\/\n.elementor-widget-text-editor.elementor-drop-cap-view-stacked .elementor-drop-cap{background-color:#69727d;color:#fff}.elementor-widget-text-editor.elementor-drop-cap-view-framed .elementor-drop-cap{color:#69727d;border:3px solid;background-color:transparent}.elementor-widget-text-editor:not(.elementor-drop-cap-view-default) .elementor-drop-cap{margin-top:8px}.elementor-widget-text-editor:not(.elementor-drop-cap-view-default) .elementor-drop-cap-letter{width:1em;height:1em}.elementor-widget-text-editor .elementor-drop-cap{float:left;text-align:center;line-height:1;font-size:50px}.elementor-widget-text-editor .elementor-drop-cap-letter{display:inline-block}<\/style>\t\t\t\t<p><!-- wp:table --><\/p>\n<figure class=\"wp-block-table\">\n<table>\n<tbody>\n<tr>\n<td>Meistro konsultacija<\/td>\n<td>nemokamai<\/td>\n<\/tr>\n<tr>\n<td>Lang\u0173 reguliavimas<\/td>\n<td>nuo 7 Eur\/vnt<\/td>\n<\/tr>\n<tr>\n<td>Dur\u0173 reguliavimas<\/td>\n<td>nuo 15 Eur\/vnt<\/td>\n<\/tr>\n<tr>\n<td>Tarpini\u0173 keitimas<\/td>\n<td>nuo 3,5 Eur\/m<br \/>+tarpin\u0117 \u012f kain\u0105\u00a0<strong>\u012fskai\u010diuota<\/strong><\/td>\n<\/tr>\n<tr>\n<td>Mechanizmo keitimas<\/td>\n<td>nuo 50 Eur<\/td>\n<\/tr>\n<tr>\n<td>Mechanizmo sutepimas<\/td>\n<td>3 Eur\/vnt<\/td>\n<\/tr>\n<tr>\n<td>Stiklo paketo keitimas<\/td>\n<td>nuo 70 Eur\/vnt<br \/>+stiklo paketas<\/td>\n<\/tr>\n<tr>\n<td>Patikra termovizoriumi<\/td>\n<td>nuo 20 Eur<\/td>\n<\/tr>\n<tr>\n<td>Meistro atva\u017eiavimas<br \/>Kauno mieste ir Kauno rajone<\/td>\n<td>12 Eur<\/td>\n<\/tr>\n<tr>\n<td>Meistro atva\u017eiavimas visoje Lietuvoje<br \/>(i\u0161skyrus Kaun\u0105 ir Kauno rajon\u0105)<\/td>\n<td>20 Eur<\/td>\n<\/tr>\n<\/tbody>\n<\/table>\n<figcaption class=\"wp-element-caption\"><strong>*Minimali atvykimo kaina nuo\u00a0\u20ac30 (\u012f kain\u0105 \u012fskai\u010diuotas meistro atvykimas bei atlikti darbai nevir\u0161ijantys nurodyt\u0173 \u012fkaini\u0173).<\/strong><br \/><strong>**Galutin\u0117s kainos priklauso nuo objekte tvarkom\u0173 lang\u0173 bei dur\u0173 skai\u010diaus.<\/strong><\/figcaption>\n<\/figure>\n<p><!-- \/wp:table --><!-- wp:heading {\"textAlign\":\"center\",\"level\":4} --><\/p>\n<h4 class=\"wp-block-heading has-text-align-center\"><strong><span style=\"text-decoration: underline;\"><a href=\"https:\/\/langistas.lt\/?page_id=10\">Susisiekite<\/a><\/span> su mumis ir ilgamet\u0119 patirt\u012f turintys meistrai pasakys Jums preliminari\u0105 remonto kain\u0105.<\/strong><\/h4>\n<p><!-- \/wp:heading --><\/p>\t\t\t\t\t\t<\/div>\n\t\t\t\t<\/div>\n\t\t\t\t\t<\/div>\n\t\t\t\t<\/div>\n\t\t\t\t\t\t\t<\/div>\n\t\t","protected":false},"excerpt":{"rendered":"<p>Kainos Meistro konsultacija nemokamai Lang\u0173 reguliavimas nuo 7 Eur\/vnt Dur\u0173 reguliavimas nuo 15 Eur\/vnt Tarpini\u0173 keitimas nuo 3,5 Eur\/m+tarpin\u0117 \u012f kain\u0105\u00a0\u012fskai\u010diuota Mechanizmo keitimas nuo 50 Eur Mechanizmo sutepimas 3 Eur\/vnt [&hellip;]<\/p>\n","protected":false},"author":1,"featured_media":45,"parent":0,"menu_order":0,"comment_status":"closed","ping_status":"closed","template":"","meta":{"_monsterinsights_skip_tracking":false,"_monsterinsights_sitenote_active":false,"_monsterinsights_sitenote_note":"","_monsterinsights_sitenote_category":0,"footnotes":""},"class_list":["post-10","page","type-page","status-publish","has-post-thumbnail","hentry","hello-academy-blog-item-list"],"yoast_head":"<!-- This site is optimized with the Yoast SEO plugin v21.6 - https:\/\/yoast.com\/wordpress\/plugins\/seo\/ -->\n<title>Kainos - Lang\u0173 ir dur\u0173 remonto paslaugos - langistas.lt<\/title>\n<meta name=\"description\" content=\"Meistro konsultacija nemokamai Lang\u0173 reguliavimo kainos nuo 7 Eur\/vnt Dur\u0173 reguliavimas nuo 15 Eur\/vnt Tarpini\u0173 keitimas nuo 3,5 Eur.\" \/>\n<meta name=\"robots\" content=\"index, follow, max-snippet:-1, max-image-preview:large, max-video-preview:-1\" \/>\n<link rel=\"canonical\" href=\"https:\/\/langistas.lt\/?page_id=10\" \/>\n<meta property=\"og:locale\" content=\"en_US\" \/>\n<meta property=\"og:type\" content=\"article\" \/>\n<meta property=\"og:title\" content=\"Kainos - Lang\u0173 ir dur\u0173 remonto paslaugos - langistas.lt\" \/>\n<meta property=\"og:description\" content=\"Meistro konsultacija nemokamai Lang\u0173 reguliavimo kainos nuo 7 Eur\/vnt Dur\u0173 reguliavimas nuo 15 Eur\/vnt Tarpini\u0173 keitimas nuo 3,5 Eur.\" \/>\n<meta property=\"og:url\" content=\"https:\/\/langistas.lt\/?page_id=10\" \/>\n<meta property=\"og:site_name\" content=\"Lang\u0173 ir dur\u0173 remonto paslaugos - langistas.lt\" \/>\n<meta property=\"article:modified_time\" content=\"2024-10-22T12:13:37+00:00\" \/>\n<meta property=\"og:image\" content=\"https:\/\/langistas.lt\/wp-content\/uploads\/2023\/11\/logo-color.png\" \/>\n\t<meta property=\"og:image:width\" content=\"1500\" \/>\n\t<meta property=\"og:image:height\" content=\"1500\" \/>\n\t<meta property=\"og:image:type\" content=\"image\/png\" \/>\n<meta name=\"twitter:label1\" content=\"Est. reading time\" \/>\n\t<meta name=\"twitter:data1\" content=\"1 minute\" \/>\n<script type=\"application\/ld+json\" class=\"yoast-schema-graph\">{\"@context\":\"https:\/\/schema.org\",\"@graph\":[{\"@type\":\"WebPage\",\"@id\":\"https:\/\/langistas.lt\/?page_id=10\",\"url\":\"https:\/\/langistas.lt\/?page_id=10\",\"name\":\"Kainos - Lang\u0173 ir dur\u0173 remonto paslaugos - langistas.lt\",\"isPartOf\":{\"@id\":\"https:\/\/langistas.lt\/#website\"},\"datePublished\":\"2023-11-29T07:10:11+00:00\",\"dateModified\":\"2024-10-22T12:13:37+00:00\",\"description\":\"Meistro konsultacija nemokamai Lang\u0173 reguliavimo kainos nuo 7 Eur\/vnt Dur\u0173 reguliavimas nuo 15 Eur\/vnt Tarpini\u0173 keitimas nuo 3,5 Eur.\",\"breadcrumb\":{\"@id\":\"https:\/\/langistas.lt\/?page_id=10#breadcrumb\"},\"inLanguage\":\"en-US\",\"potentialAction\":[{\"@type\":\"ReadAction\",\"target\":[\"https:\/\/langistas.lt\/?page_id=10\"]}]},{\"@type\":\"BreadcrumbList\",\"@id\":\"https:\/\/langistas.lt\/?page_id=10#breadcrumb\",\"itemListElement\":[{\"@type\":\"ListItem\",\"position\":1,\"name\":\"Home\",\"item\":\"https:\/\/langistas.lt\/\"},{\"@type\":\"ListItem\",\"position\":2,\"name\":\"Kainos\"}]},{\"@type\":\"WebSite\",\"@id\":\"https:\/\/langistas.lt\/#website\",\"url\":\"https:\/\/langistas.lt\/\",\"name\":\"Lang\u0173 ir dur\u0173 remonto paslaugos - langistas.lt\",\"description\":\"Remontuojame \u012fvairaus profilio langus bei duris. Kei\u010diame tarpines, susid\u0117v\u0117jusias detales, reguliuojame langus ir atliekame patikr\u0105 termovizoriumi. Esame i\u0161 Kauno, bet dirbame visoje Lietuvoje ir vakarais, ir savaitgaliais.\",\"publisher\":{\"@id\":\"https:\/\/langistas.lt\/#organization\"},\"potentialAction\":[{\"@type\":\"SearchAction\",\"target\":{\"@type\":\"EntryPoint\",\"urlTemplate\":\"https:\/\/langistas.lt\/?s={search_term_string}\"},\"query-input\":\"required name=search_term_string\"}],\"inLanguage\":\"en-US\"},{\"@type\":\"Organization\",\"@id\":\"https:\/\/langistas.lt\/#organization\",\"name\":\"Lang\u0173 ir dur\u0173 remonto paslaugos - langistas.lt\",\"url\":\"https:\/\/langistas.lt\/\",\"logo\":{\"@type\":\"ImageObject\",\"inLanguage\":\"en-US\",\"@id\":\"https:\/\/langistas.lt\/#\/schema\/logo\/image\/\",\"url\":\"https:\/\/langistas.lt\/wp-content\/uploads\/2023\/11\/logo-no-background.png\",\"contentUrl\":\"https:\/\/langistas.lt\/wp-content\/uploads\/2023\/11\/logo-no-background.png\",\"width\":1500,\"height\":416,\"caption\":\"Lang\u0173 ir dur\u0173 remonto paslaugos - langistas.lt\"},\"image\":{\"@id\":\"https:\/\/langistas.lt\/#\/schema\/logo\/image\/\"}}]}<\/script>\n<!-- \/ Yoast SEO plugin. -->","yoast_head_json":{"title":"Kainos - Lang\u0173 ir dur\u0173 remonto paslaugos - langistas.lt","description":"Meistro konsultacija nemokamai Lang\u0173 reguliavimo kainos nuo 7 Eur\/vnt Dur\u0173 reguliavimas nuo 15 Eur\/vnt Tarpini\u0173 keitimas nuo 3,5 Eur.","robots":{"index":"index","follow":"follow","max-snippet":"max-snippet:-1","max-image-preview":"max-image-preview:large","max-video-preview":"max-video-preview:-1"},"canonical":"https:\/\/langistas.lt\/?page_id=10","og_locale":"en_US","og_type":"article","og_title":"Kainos - Lang\u0173 ir dur\u0173 remonto paslaugos - langistas.lt","og_description":"Meistro konsultacija nemokamai Lang\u0173 reguliavimo kainos nuo 7 Eur\/vnt Dur\u0173 reguliavimas nuo 15 Eur\/vnt Tarpini\u0173 keitimas nuo 3,5 Eur.","og_url":"https:\/\/langistas.lt\/?page_id=10","og_site_name":"Lang\u0173 ir dur\u0173 remonto paslaugos - langistas.lt","article_modified_time":"2024-10-22T12:13:37+00:00","og_image":[{"width":1500,"height":1500,"url":"https:\/\/langistas.lt\/wp-content\/uploads\/2023\/11\/logo-color.png","type":"image\/png"}],"twitter_misc":{"Est. reading time":"1 minute"},"schema":{"@context":"https:\/\/schema.org","@graph":[{"@type":"WebPage","@id":"https:\/\/langistas.lt\/?page_id=10","url":"https:\/\/langistas.lt\/?page_id=10","name":"Kainos - Lang\u0173 ir dur\u0173 remonto paslaugos - langistas.lt","isPartOf":{"@id":"https:\/\/langistas.lt\/#website"},"datePublished":"2023-11-29T07:10:11+00:00","dateModified":"2024-10-22T12:13:37+00:00","description":"Meistro konsultacija nemokamai Lang\u0173 reguliavimo kainos nuo 7 Eur\/vnt Dur\u0173 reguliavimas nuo 15 Eur\/vnt Tarpini\u0173 keitimas nuo 3,5 Eur.","breadcrumb":{"@id":"https:\/\/langistas.lt\/?page_id=10#breadcrumb"},"inLanguage":"en-US","potentialAction":[{"@type":"ReadAction","target":["https:\/\/langistas.lt\/?page_id=10"]}]},{"@type":"BreadcrumbList","@id":"https:\/\/langistas.lt\/?page_id=10#breadcrumb","itemListElement":[{"@type":"ListItem","position":1,"name":"Home","item":"https:\/\/langistas.lt\/"},{"@type":"ListItem","position":2,"name":"Kainos"}]},{"@type":"WebSite","@id":"https:\/\/langistas.lt\/#website","url":"https:\/\/langistas.lt\/","name":"Lang\u0173 ir dur\u0173 remonto paslaugos - langistas.lt","description":"Remontuojame \u012fvairaus profilio langus bei duris. Kei\u010diame tarpines, susid\u0117v\u0117jusias detales, reguliuojame langus ir atliekame patikr\u0105 termovizoriumi. Esame i\u0161 Kauno, bet dirbame visoje Lietuvoje ir vakarais, ir savaitgaliais.","publisher":{"@id":"https:\/\/langistas.lt\/#organization"},"potentialAction":[{"@type":"SearchAction","target":{"@type":"EntryPoint","urlTemplate":"https:\/\/langistas.lt\/?s={search_term_string}"},"query-input":"required name=search_term_string"}],"inLanguage":"en-US"},{"@type":"Organization","@id":"https:\/\/langistas.lt\/#organization","name":"Lang\u0173 ir dur\u0173 remonto paslaugos - langistas.lt","url":"https:\/\/langistas.lt\/","logo":{"@type":"ImageObject","inLanguage":"en-US","@id":"https:\/\/langistas.lt\/#\/schema\/logo\/image\/","url":"https:\/\/langistas.lt\/wp-content\/uploads\/2023\/11\/logo-no-background.png","contentUrl":"https:\/\/langistas.lt\/wp-content\/uploads\/2023\/11\/logo-no-background.png","width":1500,"height":416,"caption":"Lang\u0173 ir dur\u0173 remonto paslaugos - langistas.lt"},"image":{"@id":"https:\/\/langistas.lt\/#\/schema\/logo\/image\/"}}]}},"_links":{"self":[{"href":"https:\/\/langistas.lt\/index.php?rest_route=\/wp\/v2\/pages\/10","targetHints":{"allow":["GET"]}}],"collection":[{"href":"https:\/\/langistas.lt\/index.php?rest_route=\/wp\/v2\/pages"}],"about":[{"href":"https:\/\/langistas.lt\/index.php?rest_route=\/wp\/v2\/types\/page"}],"author":[{"embeddable":true,"href":"https:\/\/langistas.lt\/index.php?rest_route=\/wp\/v2\/users\/1"}],"replies":[{"embeddable":true,"href":"https:\/\/langistas.lt\/index.php?rest_route=%2Fwp%2Fv2%2Fcomments&post=10"}],"version-history":[{"count":24,"href":"https:\/\/langistas.lt\/index.php?rest_route=\/wp\/v2\/pages\/10\/revisions"}],"predecessor-version":[{"id":456,"href":"https:\/\/langistas.lt\/index.php?rest_route=\/wp\/v2\/pages\/10\/revisions\/456"}],"wp:featuredmedia":[{"embeddable":true,"href":"https:\/\/langistas.lt\/index.php?rest_route=\/wp\/v2\/media\/45"}],"wp:attachment":[{"href":"https:\/\/langistas.lt\/index.php?rest_route=%2Fwp%2Fv2%2Fmedia&parent=10"}],"curies":[{"name":"wp","href":"https:\/\/api.w.org\/{rel}","templated":true}]}}