{"id":110,"date":"2023-11-30T10:18:09","date_gmt":"2023-11-30T10:18:09","guid":{"rendered":"https:\/\/langistas.lt\/?page_id=110"},"modified":"2024-11-22T06:49:53","modified_gmt":"2024-11-22T06:49:53","slug":"langu-ir-duru-remonto-paslaugos","status":"publish","type":"page","link":"https:\/\/langistas.lt\/","title":{"rendered":"Pagrindinis"},"content":{"rendered":"\t\t<div data-elementor-type=\"wp-page\" data-elementor-id=\"110\" class=\"elementor elementor-110\">\n\t\t\t\t\t\t\t<div class=\"elementor-element elementor-element-cd9347c e-flex e-con-boxed e-con e-parent\" data-id=\"cd9347c\" data-element_type=\"container\" data-settings=\"{&quot;background_background&quot;:&quot;classic&quot;,&quot;content_width&quot;:&quot;boxed&quot;}\" data-core-v316-plus=\"true\">\n\t\t\t\t\t<div class=\"e-con-inner\">\n\t\t\t\t<div class=\"elementor-element elementor-element-81ea673 elementor-absolute elementor-widget elementor-widget-heading\" data-id=\"81ea673\" data-element_type=\"widget\" data-settings=\"{&quot;_position&quot;:&quot;absolute&quot;}\" data-widget_type=\"heading.default\">\n\t\t\t\t<div class=\"elementor-widget-container\">\n\t\t\t<style>\/*! elementor - v3.17.0 - 08-11-2023 *\/\n.elementor-heading-title{padding:0;margin:0;line-height:1}.elementor-widget-heading .elementor-heading-title[class*=elementor-size-]>a{color:inherit;font-size:inherit;line-height:inherit}.elementor-widget-heading .elementor-heading-title.elementor-size-small{font-size:15px}.elementor-widget-heading .elementor-heading-title.elementor-size-medium{font-size:19px}.elementor-widget-heading .elementor-heading-title.elementor-size-large{font-size:29px}.elementor-widget-heading .elementor-heading-title.elementor-size-xl{font-size:39px}.elementor-widget-heading .elementor-heading-title.elementor-size-xxl{font-size:59px}<\/style><h3 class=\"elementor-heading-title elementor-size-large\">Profesional\u0173 teikiamos lang\u0173 ir dur\u0173 remonto paslaugos \u2013 langistas.lt<\/h3>\t\t<\/div>\n\t\t\t\t<\/div>\n\t\t\t\t<div class=\"elementor-element elementor-element-4bcd6ed elementor-align-center elementor-mobile-align-left elementor-widget-mobile__width-initial elementor-widget elementor-widget-button\" data-id=\"4bcd6ed\" data-element_type=\"widget\" data-widget_type=\"button.default\">\n\t\t\t\t<div class=\"elementor-widget-container\">\n\t\t\t\t\t<div class=\"elementor-button-wrapper\">\n\t\t\t<a class=\"elementor-button elementor-button-link elementor-size-sm\" href=\"https:\/\/langistas.lt\/?page_id=7\">\n\t\t\t\t\t\t<span class=\"elementor-button-content-wrapper\">\n\t\t\t\t\t\t<span class=\"elementor-button-text\">Apie mus<\/span>\n\t\t<\/span>\n\t\t\t\t\t<\/a>\n\t\t<\/div>\n\t\t\t\t<\/div>\n\t\t\t\t<\/div>\n\t\t\t\t\t<\/div>\n\t\t\t\t<\/div>\n\t\t<div class=\"elementor-element elementor-element-873b711 e-flex e-con-boxed e-con e-parent\" data-id=\"873b711\" data-element_type=\"container\" data-settings=\"{&quot;content_width&quot;:&quot;boxed&quot;}\" data-core-v316-plus=\"true\">\n\t\t\t\t\t<div class=\"e-con-inner\">\n\t\t\t\t<div class=\"elementor-element elementor-element-cf2c595 elementor-widget elementor-widget-spacer\" data-id=\"cf2c595\" data-element_type=\"widget\" data-widget_type=\"spacer.default\">\n\t\t\t\t<div class=\"elementor-widget-container\">\n\t\t\t<style>\/*! elementor - v3.17.0 - 08-11-2023 *\/\n.elementor-column .elementor-spacer-inner{height:var(--spacer-size)}.e-con{--container-widget-width:100%}.e-con-inner>.elementor-widget-spacer,.e-con>.elementor-widget-spacer{width:var(--container-widget-width,var(--spacer-size));--align-self:var(--container-widget-align-self,initial);--flex-shrink:0}.e-con-inner>.elementor-widget-spacer>.elementor-widget-container,.e-con>.elementor-widget-spacer>.elementor-widget-container{height:100%;width:100%}.e-con-inner>.elementor-widget-spacer>.elementor-widget-container>.elementor-spacer,.e-con>.elementor-widget-spacer>.elementor-widget-container>.elementor-spacer{height:100%}.e-con-inner>.elementor-widget-spacer>.elementor-widget-container>.elementor-spacer>.elementor-spacer-inner,.e-con>.elementor-widget-spacer>.elementor-widget-container>.elementor-spacer>.elementor-spacer-inner{height:var(--container-widget-height,var(--spacer-size))}.e-con-inner>.elementor-widget-spacer.elementor-widget-empty,.e-con>.elementor-widget-spacer.elementor-widget-empty{position:relative;min-height:22px;min-width:22px}.e-con-inner>.elementor-widget-spacer.elementor-widget-empty .elementor-widget-empty-icon,.e-con>.elementor-widget-spacer.elementor-widget-empty .elementor-widget-empty-icon{position:absolute;top:0;bottom:0;left:0;right:0;margin:auto;padding:0;width:22px;height:22px}<\/style>\t\t<div class=\"elementor-spacer\">\n\t\t\t<div class=\"elementor-spacer-inner\"><\/div>\n\t\t<\/div>\n\t\t\t\t<\/div>\n\t\t\t\t<\/div>\n\t\t\t\t<div class=\"elementor-element elementor-element-f80871c elementor-widget elementor-widget-heading\" data-id=\"f80871c\" data-element_type=\"widget\" data-widget_type=\"heading.default\">\n\t\t\t\t<div class=\"elementor-widget-container\">\n\t\t\t<h1 class=\"elementor-heading-title elementor-size-default\">M\u016bs\u0173 paslaugos<\/h1>\t\t<\/div>\n\t\t\t\t<\/div>\n\t\t\t\t<div class=\"elementor-element elementor-element-c3b283d elementor-widget elementor-widget-bdt-price-list\" data-id=\"c3b283d\" data-element_type=\"widget\" data-settings=\"{&quot;image_hide_on&quot;:[&quot;mobile&quot;]}\" data-widget_type=\"bdt-price-list.default\">\n\t\t\t\t<div class=\"elementor-widget-container\">\n\t\t\t\t\t<ul class=\"bdt-price-list\">\r\n\r\n\t\t<li class=\"bdt-price-list-item\"><div class=\"bdt-grid bdt-grid-collapse bdt-flex-middle \" onclick=\"window.open(&#039;#&#039;, &#039;_self&#039;)\"bdt-grid>\r\n\t\t\t<div class=\"bdt-price-list-text bdt-width-expand\">\r\n\t\t\t\t<div>\r\n\t\t\t\t\t<div class=\"bdt-price-list-header bdt-grid bdt-grid-small bdt-flex-middle\" bdt-grid>\r\n\t\t\t\t\t\t<span class=\"bdt-price-list-title\">Lang\u0173 remontas<\/span>\r\n\r\n\t\t\t\t\t\t\t\t\t\t\t\t\t<span class=\"bdt-price-list-separator bdt-width-expand\"><\/span>\r\n\t\t\t\t\t\t\r\n\t\t\t\t\t<\/div>\r\n\r\n                    \t\t\t\t<\/div>\r\n\t\t\t<\/div>\r\n\t\t\t<div class=\"bdt-width-auto bdt-flex-inline bdt-flex-middle\">\r\n\t\t\t\t\t\t\t\t<span class=\"bdt-price-list-price bdt-flex bdt-flex-middle bdt-flex-center\">Nuo 10 Eur<\/span>\r\n\t\t\t<\/div>\r\n\r\n\t\t\t\r\n\t\t\t<\/div><\/li>\r\n\t\t<li class=\"bdt-price-list-item\"><div class=\"bdt-grid bdt-grid-collapse bdt-flex-middle \" onclick=\"window.open(&#039;#&#039;, &#039;_self&#039;)\"bdt-grid>\r\n\t\t\t<div class=\"bdt-price-list-text bdt-width-expand\">\r\n\t\t\t\t<div>\r\n\t\t\t\t\t<div class=\"bdt-price-list-header bdt-grid bdt-grid-small bdt-flex-middle\" bdt-grid>\r\n\t\t\t\t\t\t<span class=\"bdt-price-list-title\">Dur\u0173 remontas<\/span>\r\n\r\n\t\t\t\t\t\t\t\t\t\t\t\t\t<span class=\"bdt-price-list-separator bdt-width-expand\"><\/span>\r\n\t\t\t\t\t\t\r\n\t\t\t\t\t<\/div>\r\n\r\n                    \t\t\t\t<\/div>\r\n\t\t\t<\/div>\r\n\t\t\t<div class=\"bdt-width-auto bdt-flex-inline bdt-flex-middle\">\r\n\t\t\t\t\t\t\t\t<span class=\"bdt-price-list-price bdt-flex bdt-flex-middle bdt-flex-center\">Nuo 15 Eur<\/span>\r\n\t\t\t<\/div>\r\n\r\n\t\t\t\r\n\t\t\t<\/div><\/li>\r\n\t\t<li class=\"bdt-price-list-item\"><div class=\"bdt-grid bdt-grid-collapse bdt-flex-middle \" onclick=\"window.open(&#039;#&#039;, &#039;_self&#039;)\"bdt-grid>\r\n\t\t\t<div class=\"bdt-price-list-text bdt-width-expand\">\r\n\t\t\t\t<div>\r\n\t\t\t\t\t<div class=\"bdt-price-list-header bdt-grid bdt-grid-small bdt-flex-middle\" bdt-grid>\r\n\t\t\t\t\t\t<span class=\"bdt-price-list-title\">Tarpini\u0173 keitimas<\/span>\r\n\r\n\t\t\t\t\t\t\t\t\t\t\t\t\t<span class=\"bdt-price-list-separator bdt-width-expand\"><\/span>\r\n\t\t\t\t\t\t\r\n\t\t\t\t\t<\/div>\r\n\r\n                    \t\t\t\t<\/div>\r\n\t\t\t<\/div>\r\n\t\t\t<div class=\"bdt-width-auto bdt-flex-inline bdt-flex-middle\">\r\n\t\t\t\t\t\t\t\t<span class=\"bdt-price-list-price bdt-flex bdt-flex-middle bdt-flex-center\">Nuo 20 Eur<\/span>\r\n\t\t\t<\/div>\r\n\r\n\t\t\t\r\n\t\t\t<\/div><\/li>\r\n\t\t<li class=\"bdt-price-list-item\"><div class=\"bdt-grid bdt-grid-collapse bdt-flex-middle \" onclick=\"window.open(&#039;#&#039;, &#039;_self&#039;)\"bdt-grid>\r\n\t\t\t<div class=\"bdt-price-list-text bdt-width-expand\">\r\n\t\t\t\t<div>\r\n\t\t\t\t\t<div class=\"bdt-price-list-header bdt-grid bdt-grid-small bdt-flex-middle\" bdt-grid>\r\n\t\t\t\t\t\t<span class=\"bdt-price-list-title\">Reguliavimas<\/span>\r\n\r\n\t\t\t\t\t\t\t\t\t\t\t\t\t<span class=\"bdt-price-list-separator bdt-width-expand\"><\/span>\r\n\t\t\t\t\t\t\r\n\t\t\t\t\t<\/div>\r\n\r\n                    \t\t\t\t<\/div>\r\n\t\t\t<\/div>\r\n\t\t\t<div class=\"bdt-width-auto bdt-flex-inline bdt-flex-middle\">\r\n\t\t\t\t\t\t\t\t<span class=\"bdt-price-list-price bdt-flex bdt-flex-middle bdt-flex-center\">Nuo 10 Eur<\/span>\r\n\t\t\t<\/div>\r\n\r\n\t\t\t\r\n\t\t\t<\/div><\/li>\r\n\t\t<li class=\"bdt-price-list-item\"><div class=\"bdt-grid bdt-grid-collapse bdt-flex-middle \" onclick=\"window.open(&#039;#&#039;, &#039;_self&#039;)\"bdt-grid>\r\n\t\t\t<div class=\"bdt-price-list-text bdt-width-expand\">\r\n\t\t\t\t<div>\r\n\t\t\t\t\t<div class=\"bdt-price-list-header bdt-grid bdt-grid-small bdt-flex-middle\" bdt-grid>\r\n\t\t\t\t\t\t<span class=\"bdt-price-list-title\">Patikra termovizoriumi<\/span>\r\n\r\n\t\t\t\t\t\t\t\t\t\t\t\t\t<span class=\"bdt-price-list-separator bdt-width-expand\"><\/span>\r\n\t\t\t\t\t\t\r\n\t\t\t\t\t<\/div>\r\n\r\n                    \t\t\t\t<\/div>\r\n\t\t\t<\/div>\r\n\t\t\t<div class=\"bdt-width-auto bdt-flex-inline bdt-flex-middle\">\r\n\t\t\t\t\t\t\t\t<span class=\"bdt-price-list-price bdt-flex bdt-flex-middle bdt-flex-center\">nuo 20 Eur<\/span>\r\n\t\t\t<\/div>\r\n\r\n\t\t\t\r\n\t\t\t<\/div><\/li>\r\n\t\t\r\n\t\t<\/ul>\r\n\t\t\t\t<\/div>\n\t\t\t\t<\/div>\n\t\t\t\t<div class=\"elementor-element elementor-element-e43739d elementor-widget elementor-widget-spacer\" data-id=\"e43739d\" data-element_type=\"widget\" data-widget_type=\"spacer.default\">\n\t\t\t\t<div class=\"elementor-widget-container\">\n\t\t\t\t\t<div class=\"elementor-spacer\">\n\t\t\t<div class=\"elementor-spacer-inner\"><\/div>\n\t\t<\/div>\n\t\t\t\t<\/div>\n\t\t\t\t<\/div>\n\t\t\t\t<div class=\"elementor-element elementor-element-ef85f63 elementor-widget elementor-widget-heading\" data-id=\"ef85f63\" data-element_type=\"widget\" data-widget_type=\"heading.default\">\n\t\t\t\t<div class=\"elementor-widget-container\">\n\t\t\t<h2 class=\"elementor-heading-title elementor-size-default\">Klient\u0173 atsiliepimai<\/h2>\t\t<\/div>\n\t\t\t\t<\/div>\n\t\t\t\t\t<\/div>\n\t\t\t\t<\/div>\n\t\t<div class=\"elementor-element elementor-element-a7ee163 e-flex e-con-boxed e-con e-parent\" data-id=\"a7ee163\" data-element_type=\"container\" data-settings=\"{&quot;content_width&quot;:&quot;boxed&quot;}\" data-core-v316-plus=\"true\">\n\t\t\t\t\t<div class=\"e-con-inner\">\n\t\t\t\t<div class=\"elementor-element elementor-element-8d4c3aa bdt-navigation-type-dots bdt-item-match-height--yes bdt-carousel-style-carousel elementor-widget elementor-widget-bdt-static-carousel\" data-id=\"8d4c3aa\" data-element_type=\"widget\" data-widget_type=\"bdt-static-carousel.default\">\n\t\t\t\t<div class=\"elementor-widget-container\">\n\t\t\t        <div id=\"bdt-static-carousel-8d4c3aa\" class=\"bdt-dots-align-bottom-center bdt-static-carousel\" data-settings=\"{&quot;autoplay&quot;:{&quot;delay&quot;:5001},&quot;loop&quot;:true,&quot;speed&quot;:850,&quot;slidesPerView&quot;:1,&quot;slidesPerGroup&quot;:1,&quot;spaceBetween&quot;:20,&quot;centeredSlides&quot;:true,&quot;effect&quot;:&quot;carousel&quot;,&quot;breakpoints&quot;:{&quot;767&quot;:{&quot;slidesPerView&quot;:2,&quot;spaceBetween&quot;:20,&quot;slidesPerGroup&quot;:1},&quot;1023&quot;:{&quot;slidesPerView&quot;:3,&quot;spaceBetween&quot;:20,&quot;slidesPerGroup&quot;:1}},&quot;navigation&quot;:{&quot;nextEl&quot;:&quot;#bdt-static-carousel-8d4c3aa .bdt-navigation-next&quot;,&quot;prevEl&quot;:&quot;#bdt-static-carousel-8d4c3aa .bdt-navigation-prev&quot;},&quot;pagination&quot;:{&quot;el&quot;:&quot;#bdt-static-carousel-8d4c3aa .swiper-pagination&quot;,&quot;type&quot;:&quot;bullets&quot;,&quot;clickable&quot;:&quot;true&quot;,&quot;dynamicBullets&quot;:false},&quot;scrollbar&quot;:{&quot;el&quot;:&quot;#bdt-static-carousel-8d4c3aa .swiper-scrollbar&quot;,&quot;hide&quot;:&quot;true&quot;},&quot;coverflowEffect&quot;:{&quot;rotate&quot;:50,&quot;stretch&quot;:0,&quot;depth&quot;:100,&quot;modifier&quot;:1,&quot;slideShadows&quot;:true}}\">\r\n            <div class=\"swiper-carousel swiper\">\r\n                <div class=\"swiper-wrapper\">\r\n        \r\n                <div class=\"bdt-ep-static-carousel-item swiper-slide\">\r\n                        <div class=\"bdt-ep-static-carousel-content\">\r\n                                                                    <h3 class=\"bdt-ep-static-carousel-title\">\r\n                Tomas K.                            <\/h3>\r\n                                                    <div class=\"bdt-ep-static-carousel-text\">\r\n                <p>\u00a0<\/p><p>Esame labai patenkinti atlikt\u0173 darb\u0173 kokybe - tikrai pasinaudosim dar kart\u0105!\u00a0<\/p>            <\/div>\r\n                                                    <div class=\"bdt-ep-static-carousel-readmore-wrap\">\r\n                <a class=\"bdt-ep-static-carousel-readmore \" href=\"#\" target=\"_self\">\r\n                                                                <span class=\"bdt-button-icon-align-left\">\r\n                            <i aria-hidden=\"true\" class=\"fa-fw icon icon-like1\"><\/i>                        <\/span>\r\n                                    <\/a>\r\n            <\/div>\r\n                            <\/div>\r\n\r\n                    <\/div>\r\n                <div class=\"bdt-ep-static-carousel-item swiper-slide\">\r\n                        <div class=\"bdt-ep-static-carousel-content\">\r\n                                                                    <h3 class=\"bdt-ep-static-carousel-title\">\r\n                Darius S.                            <\/h3>\r\n                                                    <div class=\"bdt-ep-static-carousel-text\">\r\n                <p>\u00a0<\/p><p>Pakeit\u0117 stiklo paket\u0105 labai greitai ir pigiai, be joki\u0173 dideli\u0173 problem\u0173. \u0160aunuoliai.<\/p>            <\/div>\r\n                                                    <div class=\"bdt-ep-static-carousel-readmore-wrap\">\r\n                <a class=\"bdt-ep-static-carousel-readmore \" href=\"#\" target=\"_self\">\r\n                                                                <span class=\"bdt-button-icon-align-left\">\r\n                            <i aria-hidden=\"true\" class=\"fa-fw icon icon-like1\"><\/i>                        <\/span>\r\n                                    <\/a>\r\n            <\/div>\r\n                            <\/div>\r\n\r\n                    <\/div>\r\n                <div class=\"bdt-ep-static-carousel-item swiper-slide\">\r\n                        <div class=\"bdt-ep-static-carousel-content\">\r\n                                                                    <h3 class=\"bdt-ep-static-carousel-title\">\r\n                Marta K.                            <\/h3>\r\n                                                    <div class=\"bdt-ep-static-carousel-text\">\r\n                <p>\u00a0<\/p><p>Puiki komunikacija, atvyko ir sutvark\u0117 dur\u0173 spyn\u0105 greitai.<\/p>            <\/div>\r\n                                                    <div class=\"bdt-ep-static-carousel-readmore-wrap\">\r\n                <a class=\"bdt-ep-static-carousel-readmore \" href=\"#\" target=\"_self\">\r\n                                                                <span class=\"bdt-button-icon-align-left\">\r\n                            <i aria-hidden=\"true\" class=\"fa-fw icon icon-like1\"><\/i>                        <\/span>\r\n                                    <\/a>\r\n            <\/div>\r\n                            <\/div>\r\n\r\n                    <\/div>\r\n                <div class=\"bdt-ep-static-carousel-item swiper-slide\">\r\n                        <div class=\"bdt-ep-static-carousel-content\">\r\n                                                                    <h3 class=\"bdt-ep-static-carousel-title\">\r\n                Vytenis G.                            <\/h3>\r\n                                                    <div class=\"bdt-ep-static-carousel-text\">\r\n                <p>\u00a0<\/p><p>Greita ir profesionali pagalba. Po kontaktavimo \u012f viet\u0105 Kaune atvyko t\u0105 pa\u010di\u0105 dien\u0105 ir sureguliavo langus. Rekomenduoju!<\/p>            <\/div>\r\n                                                    <div class=\"bdt-ep-static-carousel-readmore-wrap\">\r\n                <a class=\"bdt-ep-static-carousel-readmore \" href=\"#\" target=\"_self\">\r\n                                                                <span class=\"bdt-button-icon-align-left\">\r\n                            <i aria-hidden=\"true\" class=\"fa-fw icon icon-like1\"><\/i>                        <\/span>\r\n                                    <\/a>\r\n            <\/div>\r\n                            <\/div>\r\n\r\n                    <\/div>\r\n        \t\t<\/div>\r\n\t\t\t\t<\/div>\r\n\r\n\t\t\t\t\t\t\t\t<div class=\"bdt-position-z-index bdt-position-bottom-center\">\r\n\t\t\t\t<div class=\"bdt-dots-container\">\r\n\t\t\t\t\t<div class=\"swiper-pagination\"><\/div>\r\n\t\t\t\t<\/div>\r\n\t\t\t<\/div>\r\n\r\n\t\t\t\t\t\t\t\r\n\t\t<\/div>\r\n\r\n\t\t<\/div>\n\t\t\t\t<\/div>\n\t\t\t\t\t<\/div>\n\t\t\t\t<\/div>\n\t\t\t\t\t\t\t<\/div>\n\t\t","protected":false},"excerpt":{"rendered":"<p>Profesional\u0173 teikiamos lang\u0173 ir dur\u0173 remonto paslaugos \u2013 langistas.lt Apie mus M\u016bs\u0173 paslaugos Lang\u0173 remontas Nuo 10 Eur Dur\u0173 remontas Nuo 15 Eur Tarpini\u0173 keitimas Nuo 20 Eur Reguliavimas Nuo [&hellip;]<\/p>\n","protected":false},"author":1,"featured_media":45,"parent":0,"menu_order":0,"comment_status":"closed","ping_status":"closed","template":"elementor_theme","meta":{"_monsterinsights_skip_tracking":false,"_monsterinsights_sitenote_active":false,"_monsterinsights_sitenote_note":"","_monsterinsights_sitenote_category":0,"footnotes":""},"class_list":["post-110","page","type-page","status-publish","has-post-thumbnail","hentry","hello-academy-blog-item-list"],"yoast_head":"<!-- This site is optimized with the Yoast SEO plugin v21.6 - https:\/\/yoast.com\/wordpress\/plugins\/seo\/ -->\n<title>Lang\u0173 ir dur\u0173 remonto paslaugos - langistas.lt<\/title>\n<meta name=\"description\" content=\"Lang\u0173 ir dur\u0173 remontas: kei\u010diame tarpines ir kitas susid\u0117v\u0117jusias detales, reguliuojame langus. Patalpas galime ap\u017ei\u016br\u0117ti termovizoriumi.\" \/>\n<meta name=\"robots\" content=\"index, follow, max-snippet:-1, max-image-preview:large, max-video-preview:-1\" \/>\n<link rel=\"canonical\" href=\"https:\/\/langistas.lt\/\" \/>\n<meta property=\"og:locale\" content=\"en_US\" \/>\n<meta property=\"og:type\" content=\"article\" \/>\n<meta property=\"og:title\" content=\"Lang\u0173 ir dur\u0173 remonto paslaugos - langistas.lt\" \/>\n<meta property=\"og:description\" content=\"Lang\u0173 ir dur\u0173 remontas: kei\u010diame tarpines ir kitas susid\u0117v\u0117jusias detales, reguliuojame langus. Patalpas galime ap\u017ei\u016br\u0117ti termovizoriumi.\" \/>\n<meta property=\"og:url\" content=\"https:\/\/langistas.lt\/\" \/>\n<meta property=\"og:site_name\" content=\"Lang\u0173 ir dur\u0173 remonto paslaugos - langistas.lt\" \/>\n<meta property=\"article:modified_time\" content=\"2024-11-22T06:49:53+00:00\" \/>\n<meta property=\"og:image\" content=\"https:\/\/langistas.lt\/wp-content\/uploads\/2023\/11\/logo-color.png\" \/>\n\t<meta property=\"og:image:width\" content=\"1500\" \/>\n\t<meta property=\"og:image:height\" content=\"1500\" \/>\n\t<meta property=\"og:image:type\" content=\"image\/png\" \/>\n<meta name=\"twitter:label1\" content=\"Est. reading time\" \/>\n\t<meta name=\"twitter:data1\" content=\"1 minute\" \/>\n<script type=\"application\/ld+json\" class=\"yoast-schema-graph\">{\"@context\":\"https:\/\/schema.org\",\"@graph\":[{\"@type\":\"WebPage\",\"@id\":\"https:\/\/langistas.lt\/\",\"url\":\"https:\/\/langistas.lt\/\",\"name\":\"Lang\u0173 ir dur\u0173 remonto paslaugos - langistas.lt\",\"isPartOf\":{\"@id\":\"https:\/\/langistas.lt\/#website\"},\"datePublished\":\"2023-11-30T10:18:09+00:00\",\"dateModified\":\"2024-11-22T06:49:53+00:00\",\"description\":\"Lang\u0173 ir dur\u0173 remontas: kei\u010diame tarpines ir kitas susid\u0117v\u0117jusias detales, reguliuojame langus. Patalpas galime ap\u017ei\u016br\u0117ti termovizoriumi.\",\"breadcrumb\":{\"@id\":\"https:\/\/langistas.lt\/#breadcrumb\"},\"inLanguage\":\"en-US\",\"potentialAction\":[{\"@type\":\"ReadAction\",\"target\":[\"https:\/\/langistas.lt\/\"]}]},{\"@type\":\"BreadcrumbList\",\"@id\":\"https:\/\/langistas.lt\/#breadcrumb\",\"itemListElement\":[{\"@type\":\"ListItem\",\"position\":1,\"name\":\"Home\",\"item\":\"https:\/\/langistas.lt\/\"},{\"@type\":\"ListItem\",\"position\":2,\"name\":\"Pagrindinis\"}]},{\"@type\":\"WebSite\",\"@id\":\"https:\/\/langistas.lt\/#website\",\"url\":\"https:\/\/langistas.lt\/\",\"name\":\"Lang\u0173 ir dur\u0173 remonto paslaugos - langistas.lt\",\"description\":\"Remontuojame \u012fvairaus profilio langus bei duris. Kei\u010diame tarpines, susid\u0117v\u0117jusias detales, reguliuojame langus ir atliekame patikr\u0105 termovizoriumi. Esame i\u0161 Kauno, bet dirbame visoje Lietuvoje ir vakarais, ir savaitgaliais.\",\"publisher\":{\"@id\":\"https:\/\/langistas.lt\/#organization\"},\"potentialAction\":[{\"@type\":\"SearchAction\",\"target\":{\"@type\":\"EntryPoint\",\"urlTemplate\":\"https:\/\/langistas.lt\/?s={search_term_string}\"},\"query-input\":\"required name=search_term_string\"}],\"inLanguage\":\"en-US\"},{\"@type\":\"Organization\",\"@id\":\"https:\/\/langistas.lt\/#organization\",\"name\":\"Lang\u0173 ir dur\u0173 remonto paslaugos - langistas.lt\",\"url\":\"https:\/\/langistas.lt\/\",\"logo\":{\"@type\":\"ImageObject\",\"inLanguage\":\"en-US\",\"@id\":\"https:\/\/langistas.lt\/#\/schema\/logo\/image\/\",\"url\":\"https:\/\/langistas.lt\/wp-content\/uploads\/2023\/11\/logo-no-background.png\",\"contentUrl\":\"https:\/\/langistas.lt\/wp-content\/uploads\/2023\/11\/logo-no-background.png\",\"width\":1500,\"height\":416,\"caption\":\"Lang\u0173 ir dur\u0173 remonto paslaugos - langistas.lt\"},\"image\":{\"@id\":\"https:\/\/langistas.lt\/#\/schema\/logo\/image\/\"}}]}<\/script>\n<!-- \/ Yoast SEO plugin. -->","yoast_head_json":{"title":"Lang\u0173 ir dur\u0173 remonto paslaugos - langistas.lt","description":"Lang\u0173 ir dur\u0173 remontas: kei\u010diame tarpines ir kitas susid\u0117v\u0117jusias detales, reguliuojame langus. Patalpas galime ap\u017ei\u016br\u0117ti termovizoriumi.","robots":{"index":"index","follow":"follow","max-snippet":"max-snippet:-1","max-image-preview":"max-image-preview:large","max-video-preview":"max-video-preview:-1"},"canonical":"https:\/\/langistas.lt\/","og_locale":"en_US","og_type":"article","og_title":"Lang\u0173 ir dur\u0173 remonto paslaugos - langistas.lt","og_description":"Lang\u0173 ir dur\u0173 remontas: kei\u010diame tarpines ir kitas susid\u0117v\u0117jusias detales, reguliuojame langus. Patalpas galime ap\u017ei\u016br\u0117ti termovizoriumi.","og_url":"https:\/\/langistas.lt\/","og_site_name":"Lang\u0173 ir dur\u0173 remonto paslaugos - langistas.lt","article_modified_time":"2024-11-22T06:49:53+00:00","og_image":[{"width":1500,"height":1500,"url":"https:\/\/langistas.lt\/wp-content\/uploads\/2023\/11\/logo-color.png","type":"image\/png"}],"twitter_misc":{"Est. reading time":"1 minute"},"schema":{"@context":"https:\/\/schema.org","@graph":[{"@type":"WebPage","@id":"https:\/\/langistas.lt\/","url":"https:\/\/langistas.lt\/","name":"Lang\u0173 ir dur\u0173 remonto paslaugos - langistas.lt","isPartOf":{"@id":"https:\/\/langistas.lt\/#website"},"datePublished":"2023-11-30T10:18:09+00:00","dateModified":"2024-11-22T06:49:53+00:00","description":"Lang\u0173 ir dur\u0173 remontas: kei\u010diame tarpines ir kitas susid\u0117v\u0117jusias detales, reguliuojame langus. Patalpas galime ap\u017ei\u016br\u0117ti termovizoriumi.","breadcrumb":{"@id":"https:\/\/langistas.lt\/#breadcrumb"},"inLanguage":"en-US","potentialAction":[{"@type":"ReadAction","target":["https:\/\/langistas.lt\/"]}]},{"@type":"BreadcrumbList","@id":"https:\/\/langistas.lt\/#breadcrumb","itemListElement":[{"@type":"ListItem","position":1,"name":"Home","item":"https:\/\/langistas.lt\/"},{"@type":"ListItem","position":2,"name":"Pagrindinis"}]},{"@type":"WebSite","@id":"https:\/\/langistas.lt\/#website","url":"https:\/\/langistas.lt\/","name":"Lang\u0173 ir dur\u0173 remonto paslaugos - langistas.lt","description":"Remontuojame \u012fvairaus profilio langus bei duris. Kei\u010diame tarpines, susid\u0117v\u0117jusias detales, reguliuojame langus ir atliekame patikr\u0105 termovizoriumi. Esame i\u0161 Kauno, bet dirbame visoje Lietuvoje ir vakarais, ir savaitgaliais.","publisher":{"@id":"https:\/\/langistas.lt\/#organization"},"potentialAction":[{"@type":"SearchAction","target":{"@type":"EntryPoint","urlTemplate":"https:\/\/langistas.lt\/?s={search_term_string}"},"query-input":"required name=search_term_string"}],"inLanguage":"en-US"},{"@type":"Organization","@id":"https:\/\/langistas.lt\/#organization","name":"Lang\u0173 ir dur\u0173 remonto paslaugos - langistas.lt","url":"https:\/\/langistas.lt\/","logo":{"@type":"ImageObject","inLanguage":"en-US","@id":"https:\/\/langistas.lt\/#\/schema\/logo\/image\/","url":"https:\/\/langistas.lt\/wp-content\/uploads\/2023\/11\/logo-no-background.png","contentUrl":"https:\/\/langistas.lt\/wp-content\/uploads\/2023\/11\/logo-no-background.png","width":1500,"height":416,"caption":"Lang\u0173 ir dur\u0173 remonto paslaugos - langistas.lt"},"image":{"@id":"https:\/\/langistas.lt\/#\/schema\/logo\/image\/"}}]}},"_links":{"self":[{"href":"https:\/\/langistas.lt\/index.php?rest_route=\/wp\/v2\/pages\/110","targetHints":{"allow":["GET"]}}],"collection":[{"href":"https:\/\/langistas.lt\/index.php?rest_route=\/wp\/v2\/pages"}],"about":[{"href":"https:\/\/langistas.lt\/index.php?rest_route=\/wp\/v2\/types\/page"}],"author":[{"embeddable":true,"href":"https:\/\/langistas.lt\/index.php?rest_route=\/wp\/v2\/users\/1"}],"replies":[{"embeddable":true,"href":"https:\/\/langistas.lt\/index.php?rest_route=%2Fwp%2Fv2%2Fcomments&post=110"}],"version-history":[{"count":119,"href":"https:\/\/langistas.lt\/index.php?rest_route=\/wp\/v2\/pages\/110\/revisions"}],"predecessor-version":[{"id":464,"href":"https:\/\/langistas.lt\/index.php?rest_route=\/wp\/v2\/pages\/110\/revisions\/464"}],"wp:featuredmedia":[{"embeddable":true,"href":"https:\/\/langistas.lt\/index.php?rest_route=\/wp\/v2\/media\/45"}],"wp:attachment":[{"href":"https:\/\/langistas.lt\/index.php?rest_route=%2Fwp%2Fv2%2Fmedia&parent=110"}],"curies":[{"name":"wp","href":"https:\/\/api.w.org\/{rel}","templated":true}]}}