{"id":12,"date":"2023-11-29T07:10:22","date_gmt":"2023-11-29T07:10:22","guid":{"rendered":"https:\/\/langistas.lt\/?page_id=12"},"modified":"2023-12-04T10:21:18","modified_gmt":"2023-12-04T10:21:18","slug":"kontaktai","status":"publish","type":"page","link":"https:\/\/langistas.lt\/?page_id=12","title":{"rendered":"Kontaktai"},"content":{"rendered":"\t\t<div data-elementor-type=\"wp-page\" data-elementor-id=\"12\" class=\"elementor elementor-12\">\n\t\t\t\t\t\t\t<div class=\"elementor-element elementor-element-63f2be5 e-flex e-con-boxed e-con e-parent\" data-id=\"63f2be5\" data-element_type=\"container\" data-settings=\"{&quot;content_width&quot;:&quot;boxed&quot;}\" data-core-v316-plus=\"true\">\n\t\t\t\t\t<div class=\"e-con-inner\">\n\t\t\t\t<div class=\"elementor-element elementor-element-90c8dd6 elementor-widget elementor-widget-heading\" data-id=\"90c8dd6\" data-element_type=\"widget\" data-widget_type=\"heading.default\">\n\t\t\t\t<div class=\"elementor-widget-container\">\n\t\t\t<style>\/*! elementor - v3.17.0 - 08-11-2023 *\/\n.elementor-heading-title{padding:0;margin:0;line-height:1}.elementor-widget-heading .elementor-heading-title[class*=elementor-size-]>a{color:inherit;font-size:inherit;line-height:inherit}.elementor-widget-heading .elementor-heading-title.elementor-size-small{font-size:15px}.elementor-widget-heading .elementor-heading-title.elementor-size-medium{font-size:19px}.elementor-widget-heading .elementor-heading-title.elementor-size-large{font-size:29px}.elementor-widget-heading .elementor-heading-title.elementor-size-xl{font-size:39px}.elementor-widget-heading .elementor-heading-title.elementor-size-xxl{font-size:59px}<\/style><h2 class=\"elementor-heading-title elementor-size-default\">Kontaktai<\/h2>\t\t<\/div>\n\t\t\t\t<\/div>\n\t\t\t\t<div class=\"elementor-element elementor-element-2171f64b elementor-widget elementor-widget-text-editor\" data-id=\"2171f64b\" data-element_type=\"widget\" data-widget_type=\"text-editor.default\">\n\t\t\t\t<div class=\"elementor-widget-container\">\n\t\t\t<style>\/*! elementor - v3.17.0 - 08-11-2023 *\/\n.elementor-widget-text-editor.elementor-drop-cap-view-stacked .elementor-drop-cap{background-color:#69727d;color:#fff}.elementor-widget-text-editor.elementor-drop-cap-view-framed .elementor-drop-cap{color:#69727d;border:3px solid;background-color:transparent}.elementor-widget-text-editor:not(.elementor-drop-cap-view-default) .elementor-drop-cap{margin-top:8px}.elementor-widget-text-editor:not(.elementor-drop-cap-view-default) .elementor-drop-cap-letter{width:1em;height:1em}.elementor-widget-text-editor .elementor-drop-cap{float:left;text-align:center;line-height:1;font-size:50px}.elementor-widget-text-editor .elementor-drop-cap-letter{display:inline-block}<\/style>\t\t\t\t<!-- wp:paragraph -->\n<p><strong>Darbo laikas I-VII 8.00 \u2013 22.00<\/strong><br>info@langistas.lt<br>+37063671825<\/p>\n<!-- \/wp:paragraph -->\n\n<!-- wp:spacer {\"height\":\"12px\"} -->\n<div style=\"height:12px\" aria-hidden=\"true\" class=\"wp-block-spacer\"><\/div>\n<!-- \/wp:spacer -->\n\n<!-- wp:heading -->\n<h2 class=\"wp-block-heading\">Arba u\u017epildykite \u0161i\u0105 form\u0105 ir mes su Jumis susisieksime:<\/h2>\n<!-- \/wp:heading -->\n\n<!-- wp:wpforms\/form-selector {\"clientId\":\"158f6d9f-cef9-4538-8cb6-4926e507ee71\",\"formId\":\"16\",\"copyPasteJsonValue\":\"{\\u0022displayTitle\\u0022:false,\\u0022displayDesc\\u0022:false,\\u0022fieldSize\\u0022:\\u0022medium\\u0022,\\u0022fieldBorderRadius\\u0022:\\u00223px\\u0022,\\u0022fieldBackgroundColor\\u0022:\\u0022#ffffff\\u0022,\\u0022fieldBorderColor\\u0022:\\u0022rgba( 0, 0, 0, 0.25 )\\u0022,\\u0022fieldTextColor\\u0022:\\u0022rgba( 0, 0, 0, 0.7 )\\u0022,\\u0022labelSize\\u0022:\\u0022medium\\u0022,\\u0022labelColor\\u0022:\\u0022rgba( 0, 0, 0, 0.85 )\\u0022,\\u0022labelSublabelColor\\u0022:\\u0022rgba( 0, 0, 0, 0.55 )\\u0022,\\u0022labelErrorColor\\u0022:\\u0022#d63637\\u0022,\\u0022buttonSize\\u0022:\\u0022medium\\u0022,\\u0022buttonBorderRadius\\u0022:\\u00223px\\u0022,\\u0022buttonBackgroundColor\\u0022:\\u0022#066aab\\u0022,\\u0022buttonTextColor\\u0022:\\u0022#ffffff\\u0022}\"} \/-->\t\t\t\t\t\t<\/div>\n\t\t\t\t<\/div>\n\t\t\t\t\t<\/div>\n\t\t\t\t<\/div>\n\t\t<div class=\"elementor-element elementor-element-d97813a e-flex e-con-boxed e-con e-parent\" data-id=\"d97813a\" data-element_type=\"container\" data-settings=\"{&quot;content_width&quot;:&quot;boxed&quot;}\" data-core-v316-plus=\"true\">\n\t\t\t\t\t<div class=\"e-con-inner\">\n\t\t\t\t<div class=\"elementor-element elementor-element-21c0fe5 elementor-widget elementor-widget-wpforms\" data-id=\"21c0fe5\" data-element_type=\"widget\" data-widget_type=\"wpforms.default\">\n\t\t\t\t<div class=\"elementor-widget-container\">\n\t\t\t<style id=\"wpforms-css-vars-root\">\n\t\t\t\t:root {\n\t\t\t\t\t--wpforms-field-border-radius: 3px;\n--wpforms-field-background-color: #ffffff;\n--wpforms-field-border-color: rgba( 0, 0, 0, 0.25 );\n--wpforms-field-text-color: rgba( 0, 0, 0, 0.7 );\n--wpforms-label-color: rgba( 0, 0, 0, 0.85 );\n--wpforms-label-sublabel-color: rgba( 0, 0, 0, 0.55 );\n--wpforms-label-error-color: #d63637;\n--wpforms-button-border-radius: 3px;\n--wpforms-button-background-color: #066aab;\n--wpforms-button-text-color: #ffffff;\n--wpforms-field-size-input-height: 43px;\n--wpforms-field-size-input-spacing: 15px;\n--wpforms-field-size-font-size: 16px;\n--wpforms-field-size-line-height: 19px;\n--wpforms-field-size-padding-h: 14px;\n--wpforms-field-size-checkbox-size: 16px;\n--wpforms-field-size-sublabel-spacing: 5px;\n--wpforms-field-size-icon-size: 1;\n--wpforms-label-size-font-size: 16px;\n--wpforms-label-size-line-height: 19px;\n--wpforms-label-size-sublabel-font-size: 14px;\n--wpforms-label-size-sublabel-line-height: 17px;\n--wpforms-button-size-font-size: 17px;\n--wpforms-button-size-height: 41px;\n--wpforms-button-size-padding-h: 15px;\n--wpforms-button-size-margin-top: 10px;\n\n\t\t\t\t}\n\t\t\t<\/style><style id=\"wpforms-css-vars-elementor-widget-21c0fe5\">\n\t\t\t\t.elementor-widget-wpforms.elementor-element-21c0fe5 {\n\t\t\t\t\t--wpforms-field-size-input-height: 43px;\n--wpforms-field-size-input-spacing: 15px;\n--wpforms-field-size-font-size: 16px;\n--wpforms-field-size-line-height: 19px;\n--wpforms-field-size-padding-h: 14px;\n--wpforms-field-size-checkbox-size: 16px;\n--wpforms-field-size-sublabel-spacing: 5px;\n--wpforms-field-size-icon-size: 1;\n--wpforms-label-size-font-size: 16px;\n--wpforms-label-size-line-height: 19px;\n--wpforms-label-size-sublabel-font-size: 14px;\n--wpforms-label-size-sublabel-line-height: 17px;\n--wpforms-button-size-font-size: 17px;\n--wpforms-button-size-height: 41px;\n--wpforms-button-size-padding-h: 15px;\n--wpforms-button-size-margin-top: 10px;\n\n\t\t\t\t}\n\t\t\t<\/style><div class=\"wpforms-container wpforms-container-full wpforms-render-modern\" id=\"wpforms-16\"><form id=\"wpforms-form-16\" class=\"wpforms-validate wpforms-form wpforms-ajax-form\" data-formid=\"16\" method=\"post\" enctype=\"multipart\/form-data\" action=\"\/index.php?rest_route=%2Fwp%2Fv2%2Fpages%2F12\" data-token=\"6262708dc92b71f4713aac9f31778202\"><noscript class=\"wpforms-error-noscript\">Please enable JavaScript in your browser to complete this form.<\/noscript><div class=\"wpforms-hidden\" id=\"wpforms-error-noscript\">Please enable JavaScript in your browser to complete this form.<\/div><div class=\"wpforms-field-container\"><div id=\"wpforms-16-field_3-container\" class=\"wpforms-field wpforms-field-text\" data-field-id=\"3\"><label class=\"wpforms-field-label\" for=\"wpforms-16-field_3\">J\u016bs\u0173 vardas<\/label><input type=\"text\" id=\"wpforms-16-field_3\" class=\"wpforms-field-medium\" name=\"wpforms[fields][3]\" aria-errormessage=\"wpforms-16-field_3-error\" ><\/div><div id=\"wpforms-16-field_1-container\" class=\"wpforms-field wpforms-field-email\" data-field-id=\"1\"><label class=\"wpforms-field-label\" for=\"wpforms-16-field_1\">J\u016bs\u0173 el. pa\u0161tas <span class=\"wpforms-required-label\" aria-hidden=\"true\">*<\/span><\/label><input type=\"email\" id=\"wpforms-16-field_1\" class=\"wpforms-field-medium wpforms-field-required\" name=\"wpforms[fields][1]\" spellcheck=\"false\" aria-errormessage=\"wpforms-16-field_1-error\" required><\/div><div id=\"wpforms-16-field_5-container\" class=\"wpforms-field wpforms-field-text\" data-field-id=\"5\"><label class=\"wpforms-field-label\" for=\"wpforms-16-field_5\">J\u016bs\u0173 telefono numeris (neprivaloma)<\/label><input type=\"text\" id=\"wpforms-16-field_5\" class=\"wpforms-field-medium\" name=\"wpforms[fields][5]\" aria-errormessage=\"wpforms-16-field_5-error\" ><\/div><div id=\"wpforms-16-field_2-container\" class=\"wpforms-field wpforms-field-textarea\" data-field-id=\"2\"><label class=\"wpforms-field-label\" for=\"wpforms-16-field_2\">\u017dinut\u0117<\/label><textarea id=\"wpforms-16-field_2\" class=\"wpforms-field-medium\" name=\"wpforms[fields][2]\" aria-errormessage=\"wpforms-16-field_2-error\" ><\/textarea><\/div><\/div><!-- .wpforms-field-container --><div class=\"wpforms-submit-container\" ><input type=\"hidden\" name=\"wpforms[id]\" value=\"16\"><input type=\"hidden\" name=\"wpforms[author]\" value=\"1\"><button type=\"submit\" name=\"wpforms[submit]\" id=\"wpforms-submit-16\" class=\"wpforms-submit\" data-alt-text=\"Sending...\" data-submit-text=\"Si\u0173sti\" aria-live=\"assertive\" value=\"wpforms-submit\">Si\u0173sti<\/button><img decoding=\"async\" src=\"https:\/\/langistas.lt\/wp-content\/plugins\/wpforms-lite\/assets\/images\/submit-spin.svg\" class=\"wpforms-submit-spinner\" style=\"display: none;\" width=\"26\" height=\"26\" alt=\"Loading\"><\/div><\/form><\/div>  <!-- .wpforms-container -->\t\t<\/div>\n\t\t\t\t<\/div>\n\t\t\t\t\t<\/div>\n\t\t\t\t<\/div>\n\t\t\t\t\t\t\t<\/div>\n\t\t","protected":false},"excerpt":{"rendered":"<p>Kontaktai Darbo laikas I-VII 8.00 \u2013 22.00info@langistas.lt+37063671825 Arba u\u017epildykite \u0161i\u0105 form\u0105 ir mes su Jumis susisieksime: Please enable JavaScript in your browser to complete this form.Please enable JavaScript in your [&hellip;]<\/p>\n","protected":false},"author":1,"featured_media":45,"parent":0,"menu_order":0,"comment_status":"closed","ping_status":"closed","template":"","meta":{"_monsterinsights_skip_tracking":false,"_monsterinsights_sitenote_active":false,"_monsterinsights_sitenote_note":"","_monsterinsights_sitenote_category":0,"footnotes":""},"class_list":["post-12","page","type-page","status-publish","has-post-thumbnail","hentry","hello-academy-blog-item-list"],"yoast_head":"<!-- This site is optimized with the Yoast SEO plugin v21.6 - https:\/\/yoast.com\/wordpress\/plugins\/seo\/ -->\n<title>Kontaktai - Lang\u0173 ir dur\u0173 remonto paslaugos - langistas.lt<\/title>\n<meta name=\"description\" content=\"Kontaktai - Darbo laikas I-VII 8.00 \u2013 22.00 info@langistas.lt +37063671825 Arba u\u017epildykite \u0161i\u0105 form\u0105 ir mes su Jumis susisieksime\" \/>\n<meta name=\"robots\" content=\"index, follow, max-snippet:-1, max-image-preview:large, max-video-preview:-1\" \/>\n<link rel=\"canonical\" href=\"https:\/\/langistas.lt\/?page_id=12\" \/>\n<meta property=\"og:locale\" content=\"en_US\" \/>\n<meta property=\"og:type\" content=\"article\" \/>\n<meta property=\"og:title\" content=\"Kontaktai - Lang\u0173 ir dur\u0173 remonto paslaugos - langistas.lt\" \/>\n<meta property=\"og:description\" content=\"Kontaktai - Darbo laikas I-VII 8.00 \u2013 22.00 info@langistas.lt +37063671825 Arba u\u017epildykite \u0161i\u0105 form\u0105 ir mes su Jumis susisieksime\" \/>\n<meta property=\"og:url\" content=\"https:\/\/langistas.lt\/?page_id=12\" \/>\n<meta property=\"og:site_name\" content=\"Lang\u0173 ir dur\u0173 remonto paslaugos - langistas.lt\" \/>\n<meta property=\"article:modified_time\" content=\"2023-12-04T10:21:18+00:00\" \/>\n<meta property=\"og:image\" content=\"https:\/\/langistas.lt\/wp-content\/uploads\/2023\/11\/logo-color.png\" \/>\n\t<meta property=\"og:image:width\" content=\"1500\" \/>\n\t<meta property=\"og:image:height\" content=\"1500\" \/>\n\t<meta property=\"og:image:type\" content=\"image\/png\" \/>\n<meta name=\"twitter:label1\" content=\"Est. reading time\" \/>\n\t<meta name=\"twitter:data1\" content=\"1 minute\" \/>\n<script type=\"application\/ld+json\" class=\"yoast-schema-graph\">{\"@context\":\"https:\/\/schema.org\",\"@graph\":[{\"@type\":\"WebPage\",\"@id\":\"https:\/\/langistas.lt\/?page_id=12\",\"url\":\"https:\/\/langistas.lt\/?page_id=12\",\"name\":\"Kontaktai - Lang\u0173 ir dur\u0173 remonto paslaugos - langistas.lt\",\"isPartOf\":{\"@id\":\"https:\/\/langistas.lt\/#website\"},\"datePublished\":\"2023-11-29T07:10:22+00:00\",\"dateModified\":\"2023-12-04T10:21:18+00:00\",\"description\":\"Kontaktai - Darbo laikas I-VII 8.00 \u2013 22.00 info@langistas.lt +37063671825 Arba u\u017epildykite \u0161i\u0105 form\u0105 ir mes su Jumis susisieksime\",\"breadcrumb\":{\"@id\":\"https:\/\/langistas.lt\/?page_id=12#breadcrumb\"},\"inLanguage\":\"en-US\",\"potentialAction\":[{\"@type\":\"ReadAction\",\"target\":[\"https:\/\/langistas.lt\/?page_id=12\"]}]},{\"@type\":\"BreadcrumbList\",\"@id\":\"https:\/\/langistas.lt\/?page_id=12#breadcrumb\",\"itemListElement\":[{\"@type\":\"ListItem\",\"position\":1,\"name\":\"Home\",\"item\":\"https:\/\/langistas.lt\/\"},{\"@type\":\"ListItem\",\"position\":2,\"name\":\"Kontaktai\"}]},{\"@type\":\"WebSite\",\"@id\":\"https:\/\/langistas.lt\/#website\",\"url\":\"https:\/\/langistas.lt\/\",\"name\":\"Lang\u0173 ir dur\u0173 remonto paslaugos - langistas.lt\",\"description\":\"Remontuojame \u012fvairaus profilio langus bei duris. Kei\u010diame tarpines, susid\u0117v\u0117jusias detales, reguliuojame langus ir atliekame patikr\u0105 termovizoriumi. Esame i\u0161 Kauno, bet dirbame visoje Lietuvoje ir vakarais, ir savaitgaliais.\",\"publisher\":{\"@id\":\"https:\/\/langistas.lt\/#organization\"},\"potentialAction\":[{\"@type\":\"SearchAction\",\"target\":{\"@type\":\"EntryPoint\",\"urlTemplate\":\"https:\/\/langistas.lt\/?s={search_term_string}\"},\"query-input\":\"required name=search_term_string\"}],\"inLanguage\":\"en-US\"},{\"@type\":\"Organization\",\"@id\":\"https:\/\/langistas.lt\/#organization\",\"name\":\"Lang\u0173 ir dur\u0173 remonto paslaugos - langistas.lt\",\"url\":\"https:\/\/langistas.lt\/\",\"logo\":{\"@type\":\"ImageObject\",\"inLanguage\":\"en-US\",\"@id\":\"https:\/\/langistas.lt\/#\/schema\/logo\/image\/\",\"url\":\"https:\/\/langistas.lt\/wp-content\/uploads\/2023\/11\/logo-no-background.png\",\"contentUrl\":\"https:\/\/langistas.lt\/wp-content\/uploads\/2023\/11\/logo-no-background.png\",\"width\":1500,\"height\":416,\"caption\":\"Lang\u0173 ir dur\u0173 remonto paslaugos - langistas.lt\"},\"image\":{\"@id\":\"https:\/\/langistas.lt\/#\/schema\/logo\/image\/\"}}]}<\/script>\n<!-- \/ Yoast SEO plugin. -->","yoast_head_json":{"title":"Kontaktai - Lang\u0173 ir dur\u0173 remonto paslaugos - langistas.lt","description":"Kontaktai - Darbo laikas I-VII 8.00 \u2013 22.00 info@langistas.lt +37063671825 Arba u\u017epildykite \u0161i\u0105 form\u0105 ir mes su Jumis susisieksime","robots":{"index":"index","follow":"follow","max-snippet":"max-snippet:-1","max-image-preview":"max-image-preview:large","max-video-preview":"max-video-preview:-1"},"canonical":"https:\/\/langistas.lt\/?page_id=12","og_locale":"en_US","og_type":"article","og_title":"Kontaktai - Lang\u0173 ir dur\u0173 remonto paslaugos - langistas.lt","og_description":"Kontaktai - Darbo laikas I-VII 8.00 \u2013 22.00 info@langistas.lt +37063671825 Arba u\u017epildykite \u0161i\u0105 form\u0105 ir mes su Jumis susisieksime","og_url":"https:\/\/langistas.lt\/?page_id=12","og_site_name":"Lang\u0173 ir dur\u0173 remonto paslaugos - langistas.lt","article_modified_time":"2023-12-04T10:21:18+00:00","og_image":[{"width":1500,"height":1500,"url":"https:\/\/langistas.lt\/wp-content\/uploads\/2023\/11\/logo-color.png","type":"image\/png"}],"twitter_misc":{"Est. reading time":"1 minute"},"schema":{"@context":"https:\/\/schema.org","@graph":[{"@type":"WebPage","@id":"https:\/\/langistas.lt\/?page_id=12","url":"https:\/\/langistas.lt\/?page_id=12","name":"Kontaktai - Lang\u0173 ir dur\u0173 remonto paslaugos - langistas.lt","isPartOf":{"@id":"https:\/\/langistas.lt\/#website"},"datePublished":"2023-11-29T07:10:22+00:00","dateModified":"2023-12-04T10:21:18+00:00","description":"Kontaktai - Darbo laikas I-VII 8.00 \u2013 22.00 info@langistas.lt +37063671825 Arba u\u017epildykite \u0161i\u0105 form\u0105 ir mes su Jumis susisieksime","breadcrumb":{"@id":"https:\/\/langistas.lt\/?page_id=12#breadcrumb"},"inLanguage":"en-US","potentialAction":[{"@type":"ReadAction","target":["https:\/\/langistas.lt\/?page_id=12"]}]},{"@type":"BreadcrumbList","@id":"https:\/\/langistas.lt\/?page_id=12#breadcrumb","itemListElement":[{"@type":"ListItem","position":1,"name":"Home","item":"https:\/\/langistas.lt\/"},{"@type":"ListItem","position":2,"name":"Kontaktai"}]},{"@type":"WebSite","@id":"https:\/\/langistas.lt\/#website","url":"https:\/\/langistas.lt\/","name":"Lang\u0173 ir dur\u0173 remonto paslaugos - langistas.lt","description":"Remontuojame \u012fvairaus profilio langus bei duris. Kei\u010diame tarpines, susid\u0117v\u0117jusias detales, reguliuojame langus ir atliekame patikr\u0105 termovizoriumi. Esame i\u0161 Kauno, bet dirbame visoje Lietuvoje ir vakarais, ir savaitgaliais.","publisher":{"@id":"https:\/\/langistas.lt\/#organization"},"potentialAction":[{"@type":"SearchAction","target":{"@type":"EntryPoint","urlTemplate":"https:\/\/langistas.lt\/?s={search_term_string}"},"query-input":"required name=search_term_string"}],"inLanguage":"en-US"},{"@type":"Organization","@id":"https:\/\/langistas.lt\/#organization","name":"Lang\u0173 ir dur\u0173 remonto paslaugos - langistas.lt","url":"https:\/\/langistas.lt\/","logo":{"@type":"ImageObject","inLanguage":"en-US","@id":"https:\/\/langistas.lt\/#\/schema\/logo\/image\/","url":"https:\/\/langistas.lt\/wp-content\/uploads\/2023\/11\/logo-no-background.png","contentUrl":"https:\/\/langistas.lt\/wp-content\/uploads\/2023\/11\/logo-no-background.png","width":1500,"height":416,"caption":"Lang\u0173 ir dur\u0173 remonto paslaugos - langistas.lt"},"image":{"@id":"https:\/\/langistas.lt\/#\/schema\/logo\/image\/"}}]}},"_links":{"self":[{"href":"https:\/\/langistas.lt\/index.php?rest_route=\/wp\/v2\/pages\/12","targetHints":{"allow":["GET"]}}],"collection":[{"href":"https:\/\/langistas.lt\/index.php?rest_route=\/wp\/v2\/pages"}],"about":[{"href":"https:\/\/langistas.lt\/index.php?rest_route=\/wp\/v2\/types\/page"}],"author":[{"embeddable":true,"href":"https:\/\/langistas.lt\/index.php?rest_route=\/wp\/v2\/users\/1"}],"replies":[{"embeddable":true,"href":"https:\/\/langistas.lt\/index.php?rest_route=%2Fwp%2Fv2%2Fcomments&post=12"}],"version-history":[{"count":22,"href":"https:\/\/langistas.lt\/index.php?rest_route=\/wp\/v2\/pages\/12\/revisions"}],"predecessor-version":[{"id":444,"href":"https:\/\/langistas.lt\/index.php?rest_route=\/wp\/v2\/pages\/12\/revisions\/444"}],"wp:featuredmedia":[{"embeddable":true,"href":"https:\/\/langistas.lt\/index.php?rest_route=\/wp\/v2\/media\/45"}],"wp:attachment":[{"href":"https:\/\/langistas.lt\/index.php?rest_route=%2Fwp%2Fv2%2Fmedia&parent=12"}],"curies":[{"name":"wp","href":"https:\/\/api.w.org\/{rel}","templated":true}]}}