{"id":7,"date":"2023-11-29T07:09:26","date_gmt":"2023-11-29T07:09:26","guid":{"rendered":"https:\/\/langistas.lt\/?page_id=7"},"modified":"2023-12-04T10:19:26","modified_gmt":"2023-12-04T10:19:26","slug":"apie-mus","status":"publish","type":"page","link":"https:\/\/langistas.lt\/?page_id=7","title":{"rendered":"Apie mus"},"content":{"rendered":"\t\t<div data-elementor-type=\"wp-page\" data-elementor-id=\"7\" class=\"elementor elementor-7\">\n\t\t\t\t\t\t\t<div class=\"elementor-element elementor-element-baee9c6 e-flex e-con-boxed e-con e-parent\" data-id=\"baee9c6\" data-element_type=\"container\" data-settings=\"{&quot;content_width&quot;:&quot;boxed&quot;}\" data-core-v316-plus=\"true\">\n\t\t\t\t\t<div class=\"e-con-inner\">\n\t\t\t\t<div class=\"elementor-element elementor-element-a90dc30 elementor-widget elementor-widget-heading\" data-id=\"a90dc30\" data-element_type=\"widget\" data-widget_type=\"heading.default\">\n\t\t\t\t<div class=\"elementor-widget-container\">\n\t\t\t<style>\/*! elementor - v3.17.0 - 08-11-2023 *\/\n.elementor-heading-title{padding:0;margin:0;line-height:1}.elementor-widget-heading .elementor-heading-title[class*=elementor-size-]>a{color:inherit;font-size:inherit;line-height:inherit}.elementor-widget-heading .elementor-heading-title.elementor-size-small{font-size:15px}.elementor-widget-heading .elementor-heading-title.elementor-size-medium{font-size:19px}.elementor-widget-heading .elementor-heading-title.elementor-size-large{font-size:29px}.elementor-widget-heading .elementor-heading-title.elementor-size-xl{font-size:39px}.elementor-widget-heading .elementor-heading-title.elementor-size-xxl{font-size:59px}<\/style><h2 class=\"elementor-heading-title elementor-size-default\">Apie Mus<\/h2>\t\t<\/div>\n\t\t\t\t<\/div>\n\t\t\t\t\t<\/div>\n\t\t\t\t<\/div>\n\t\t<div class=\"elementor-element elementor-element-2eba63b2 e-flex e-con-boxed e-con e-parent\" data-id=\"2eba63b2\" data-element_type=\"container\" data-settings=\"{&quot;content_width&quot;:&quot;boxed&quot;}\" data-core-v316-plus=\"true\">\n\t\t\t\t\t<div class=\"e-con-inner\">\n\t\t\t\t<div class=\"elementor-element elementor-element-88e2896 elementor-widget elementor-widget-text-editor\" data-id=\"88e2896\" data-element_type=\"widget\" data-widget_type=\"text-editor.default\">\n\t\t\t\t<div class=\"elementor-widget-container\">\n\t\t\t<style>\/*! elementor - v3.17.0 - 08-11-2023 *\/\n.elementor-widget-text-editor.elementor-drop-cap-view-stacked .elementor-drop-cap{background-color:#69727d;color:#fff}.elementor-widget-text-editor.elementor-drop-cap-view-framed .elementor-drop-cap{color:#69727d;border:3px solid;background-color:transparent}.elementor-widget-text-editor:not(.elementor-drop-cap-view-default) .elementor-drop-cap{margin-top:8px}.elementor-widget-text-editor:not(.elementor-drop-cap-view-default) .elementor-drop-cap-letter{width:1em;height:1em}.elementor-widget-text-editor .elementor-drop-cap{float:left;text-align:center;line-height:1;font-size:50px}.elementor-widget-text-editor .elementor-drop-cap-letter{display:inline-block}<\/style>\t\t\t\t<p><!-- wp:paragraph --><\/p>\n<p>Remontuojame \u012fvairaus profilio langus bei duris. Kei\u010diame tarpines, susid\u0117v\u0117jusias detales, reguliuojame langus ir atliekame patikr\u0105 termovizoriumi. Esame i\u0161 Kauno, bet dirbame visoje Lietuvoje ir vakarais, ir savaitgaliais. Ilgamet\u0117 patirtis u\u017etikrina atlikt\u0173 darb\u0173 kokyb\u0119.\u00a0<\/p>\n<p><strong style=\"color: var( --e-global-color-text ); font-family: var( --e-global-typography-text-font-family ), Sans-serif; text-align: var(--text-align); font-size: 1rem;\"><span style=\"text-decoration: underline;\"><a href=\"https:\/\/langistas.lt\/?page_id=12\">Susisiekite<\/a><\/span> su mumis ir rasime Jums tinkamiausi\u0105 sprendim\u0105!<\/strong><\/p>\n<p><!-- \/wp:spacer --><\/p>\t\t\t\t\t\t<\/div>\n\t\t\t\t<\/div>\n\t\t\t\t\t<\/div>\n\t\t\t\t<\/div>\n\t\t\t\t\t\t\t<\/div>\n\t\t","protected":false},"excerpt":{"rendered":"<p>Apie Mus Remontuojame \u012fvairaus profilio langus bei duris. Kei\u010diame tarpines, susid\u0117v\u0117jusias detales, reguliuojame langus ir atliekame patikr\u0105 termovizoriumi. Esame i\u0161 Kauno, bet dirbame visoje Lietuvoje ir vakarais, ir savaitgaliais. Ilgamet\u0117 [&hellip;]<\/p>\n","protected":false},"author":1,"featured_media":45,"parent":0,"menu_order":0,"comment_status":"closed","ping_status":"closed","template":"","meta":{"_monsterinsights_skip_tracking":false,"_monsterinsights_sitenote_active":false,"_monsterinsights_sitenote_note":"","_monsterinsights_sitenote_category":0,"footnotes":""},"class_list":["post-7","page","type-page","status-publish","has-post-thumbnail","hentry","hello-academy-blog-item-list"],"yoast_head":"<!-- This site is optimized with the Yoast SEO plugin v21.6 - https:\/\/yoast.com\/wordpress\/plugins\/seo\/ -->\n<title>Apie mus - Lang\u0173 ir dur\u0173 remonto paslaugos - langistas.lt<\/title>\n<meta name=\"description\" content=\"Apie Mus - Remontuojame \u012fvairaus profilio langus bei duris. Kei\u010diame tarpines, susid\u0117v\u0117jusias detales, atliekame patikr\u0105 termovizoriumi.\" \/>\n<meta name=\"robots\" content=\"index, follow, max-snippet:-1, max-image-preview:large, max-video-preview:-1\" \/>\n<link rel=\"canonical\" href=\"https:\/\/langistas.lt\/?page_id=7\" \/>\n<meta property=\"og:locale\" content=\"en_US\" \/>\n<meta property=\"og:type\" content=\"article\" \/>\n<meta property=\"og:title\" content=\"Apie mus - Lang\u0173 ir dur\u0173 remonto paslaugos - langistas.lt\" \/>\n<meta property=\"og:description\" content=\"Apie Mus - Remontuojame \u012fvairaus profilio langus bei duris. Kei\u010diame tarpines, susid\u0117v\u0117jusias detales, atliekame patikr\u0105 termovizoriumi.\" \/>\n<meta property=\"og:url\" content=\"https:\/\/langistas.lt\/?page_id=7\" \/>\n<meta property=\"og:site_name\" content=\"Lang\u0173 ir dur\u0173 remonto paslaugos - langistas.lt\" \/>\n<meta property=\"article:modified_time\" content=\"2023-12-04T10:19:26+00:00\" \/>\n<meta property=\"og:image\" content=\"https:\/\/langistas.lt\/wp-content\/uploads\/2023\/11\/logo-color.png\" \/>\n\t<meta property=\"og:image:width\" content=\"1500\" \/>\n\t<meta property=\"og:image:height\" content=\"1500\" \/>\n\t<meta property=\"og:image:type\" content=\"image\/png\" \/>\n<meta name=\"twitter:label1\" content=\"Est. reading time\" \/>\n\t<meta name=\"twitter:data1\" content=\"1 minute\" \/>\n<script type=\"application\/ld+json\" class=\"yoast-schema-graph\">{\"@context\":\"https:\/\/schema.org\",\"@graph\":[{\"@type\":\"WebPage\",\"@id\":\"https:\/\/langistas.lt\/?page_id=7\",\"url\":\"https:\/\/langistas.lt\/?page_id=7\",\"name\":\"Apie mus - Lang\u0173 ir dur\u0173 remonto paslaugos - langistas.lt\",\"isPartOf\":{\"@id\":\"https:\/\/langistas.lt\/#website\"},\"datePublished\":\"2023-11-29T07:09:26+00:00\",\"dateModified\":\"2023-12-04T10:19:26+00:00\",\"description\":\"Apie Mus - Remontuojame \u012fvairaus profilio langus bei duris. Kei\u010diame tarpines, susid\u0117v\u0117jusias detales, atliekame patikr\u0105 termovizoriumi.\",\"breadcrumb\":{\"@id\":\"https:\/\/langistas.lt\/?page_id=7#breadcrumb\"},\"inLanguage\":\"en-US\",\"potentialAction\":[{\"@type\":\"ReadAction\",\"target\":[\"https:\/\/langistas.lt\/?page_id=7\"]}]},{\"@type\":\"BreadcrumbList\",\"@id\":\"https:\/\/langistas.lt\/?page_id=7#breadcrumb\",\"itemListElement\":[{\"@type\":\"ListItem\",\"position\":1,\"name\":\"Home\",\"item\":\"https:\/\/langistas.lt\/\"},{\"@type\":\"ListItem\",\"position\":2,\"name\":\"Apie mus\"}]},{\"@type\":\"WebSite\",\"@id\":\"https:\/\/langistas.lt\/#website\",\"url\":\"https:\/\/langistas.lt\/\",\"name\":\"Lang\u0173 ir dur\u0173 remonto paslaugos - langistas.lt\",\"description\":\"Remontuojame \u012fvairaus profilio langus bei duris. Kei\u010diame tarpines, susid\u0117v\u0117jusias detales, reguliuojame langus ir atliekame patikr\u0105 termovizoriumi. Esame i\u0161 Kauno, bet dirbame visoje Lietuvoje ir vakarais, ir savaitgaliais.\",\"publisher\":{\"@id\":\"https:\/\/langistas.lt\/#organization\"},\"potentialAction\":[{\"@type\":\"SearchAction\",\"target\":{\"@type\":\"EntryPoint\",\"urlTemplate\":\"https:\/\/langistas.lt\/?s={search_term_string}\"},\"query-input\":\"required name=search_term_string\"}],\"inLanguage\":\"en-US\"},{\"@type\":\"Organization\",\"@id\":\"https:\/\/langistas.lt\/#organization\",\"name\":\"Lang\u0173 ir dur\u0173 remonto paslaugos - langistas.lt\",\"url\":\"https:\/\/langistas.lt\/\",\"logo\":{\"@type\":\"ImageObject\",\"inLanguage\":\"en-US\",\"@id\":\"https:\/\/langistas.lt\/#\/schema\/logo\/image\/\",\"url\":\"https:\/\/langistas.lt\/wp-content\/uploads\/2023\/11\/logo-no-background.png\",\"contentUrl\":\"https:\/\/langistas.lt\/wp-content\/uploads\/2023\/11\/logo-no-background.png\",\"width\":1500,\"height\":416,\"caption\":\"Lang\u0173 ir dur\u0173 remonto paslaugos - langistas.lt\"},\"image\":{\"@id\":\"https:\/\/langistas.lt\/#\/schema\/logo\/image\/\"}}]}<\/script>\n<!-- \/ Yoast SEO plugin. -->","yoast_head_json":{"title":"Apie mus - Lang\u0173 ir dur\u0173 remonto paslaugos - langistas.lt","description":"Apie Mus - Remontuojame \u012fvairaus profilio langus bei duris. Kei\u010diame tarpines, susid\u0117v\u0117jusias detales, atliekame patikr\u0105 termovizoriumi.","robots":{"index":"index","follow":"follow","max-snippet":"max-snippet:-1","max-image-preview":"max-image-preview:large","max-video-preview":"max-video-preview:-1"},"canonical":"https:\/\/langistas.lt\/?page_id=7","og_locale":"en_US","og_type":"article","og_title":"Apie mus - Lang\u0173 ir dur\u0173 remonto paslaugos - langistas.lt","og_description":"Apie Mus - Remontuojame \u012fvairaus profilio langus bei duris. Kei\u010diame tarpines, susid\u0117v\u0117jusias detales, atliekame patikr\u0105 termovizoriumi.","og_url":"https:\/\/langistas.lt\/?page_id=7","og_site_name":"Lang\u0173 ir dur\u0173 remonto paslaugos - langistas.lt","article_modified_time":"2023-12-04T10:19:26+00:00","og_image":[{"width":1500,"height":1500,"url":"https:\/\/langistas.lt\/wp-content\/uploads\/2023\/11\/logo-color.png","type":"image\/png"}],"twitter_misc":{"Est. reading time":"1 minute"},"schema":{"@context":"https:\/\/schema.org","@graph":[{"@type":"WebPage","@id":"https:\/\/langistas.lt\/?page_id=7","url":"https:\/\/langistas.lt\/?page_id=7","name":"Apie mus - Lang\u0173 ir dur\u0173 remonto paslaugos - langistas.lt","isPartOf":{"@id":"https:\/\/langistas.lt\/#website"},"datePublished":"2023-11-29T07:09:26+00:00","dateModified":"2023-12-04T10:19:26+00:00","description":"Apie Mus - Remontuojame \u012fvairaus profilio langus bei duris. Kei\u010diame tarpines, susid\u0117v\u0117jusias detales, atliekame patikr\u0105 termovizoriumi.","breadcrumb":{"@id":"https:\/\/langistas.lt\/?page_id=7#breadcrumb"},"inLanguage":"en-US","potentialAction":[{"@type":"ReadAction","target":["https:\/\/langistas.lt\/?page_id=7"]}]},{"@type":"BreadcrumbList","@id":"https:\/\/langistas.lt\/?page_id=7#breadcrumb","itemListElement":[{"@type":"ListItem","position":1,"name":"Home","item":"https:\/\/langistas.lt\/"},{"@type":"ListItem","position":2,"name":"Apie mus"}]},{"@type":"WebSite","@id":"https:\/\/langistas.lt\/#website","url":"https:\/\/langistas.lt\/","name":"Lang\u0173 ir dur\u0173 remonto paslaugos - langistas.lt","description":"Remontuojame \u012fvairaus profilio langus bei duris. Kei\u010diame tarpines, susid\u0117v\u0117jusias detales, reguliuojame langus ir atliekame patikr\u0105 termovizoriumi. Esame i\u0161 Kauno, bet dirbame visoje Lietuvoje ir vakarais, ir savaitgaliais.","publisher":{"@id":"https:\/\/langistas.lt\/#organization"},"potentialAction":[{"@type":"SearchAction","target":{"@type":"EntryPoint","urlTemplate":"https:\/\/langistas.lt\/?s={search_term_string}"},"query-input":"required name=search_term_string"}],"inLanguage":"en-US"},{"@type":"Organization","@id":"https:\/\/langistas.lt\/#organization","name":"Lang\u0173 ir dur\u0173 remonto paslaugos - langistas.lt","url":"https:\/\/langistas.lt\/","logo":{"@type":"ImageObject","inLanguage":"en-US","@id":"https:\/\/langistas.lt\/#\/schema\/logo\/image\/","url":"https:\/\/langistas.lt\/wp-content\/uploads\/2023\/11\/logo-no-background.png","contentUrl":"https:\/\/langistas.lt\/wp-content\/uploads\/2023\/11\/logo-no-background.png","width":1500,"height":416,"caption":"Lang\u0173 ir dur\u0173 remonto paslaugos - langistas.lt"},"image":{"@id":"https:\/\/langistas.lt\/#\/schema\/logo\/image\/"}}]}},"_links":{"self":[{"href":"https:\/\/langistas.lt\/index.php?rest_route=\/wp\/v2\/pages\/7","targetHints":{"allow":["GET"]}}],"collection":[{"href":"https:\/\/langistas.lt\/index.php?rest_route=\/wp\/v2\/pages"}],"about":[{"href":"https:\/\/langistas.lt\/index.php?rest_route=\/wp\/v2\/types\/page"}],"author":[{"embeddable":true,"href":"https:\/\/langistas.lt\/index.php?rest_route=\/wp\/v2\/users\/1"}],"replies":[{"embeddable":true,"href":"https:\/\/langistas.lt\/index.php?rest_route=%2Fwp%2Fv2%2Fcomments&post=7"}],"version-history":[{"count":34,"href":"https:\/\/langistas.lt\/index.php?rest_route=\/wp\/v2\/pages\/7\/revisions"}],"predecessor-version":[{"id":420,"href":"https:\/\/langistas.lt\/index.php?rest_route=\/wp\/v2\/pages\/7\/revisions\/420"}],"wp:featuredmedia":[{"embeddable":true,"href":"https:\/\/langistas.lt\/index.php?rest_route=\/wp\/v2\/media\/45"}],"wp:attachment":[{"href":"https:\/\/langistas.lt\/index.php?rest_route=%2Fwp%2Fv2%2Fmedia&parent=7"}],"curies":[{"name":"wp","href":"https:\/\/api.w.org\/{rel}","templated":true}]}}